{"id":12327,"date":"2021-10-15T20:40:44","date_gmt":"2021-10-15T20:40:44","guid":{"rendered":"https:\/\/evolutivconsultants.ro\/en\/?page_id=12327"},"modified":"2021-10-20T19:24:45","modified_gmt":"2021-10-20T19:24:45","slug":"leadership-si-management","status":"publish","type":"page","link":"https:\/\/evolutivconsultants.ro\/en\/services-2\/leadership-si-management\/","title":{"rendered":"Leadership \u0219i Management"},"content":{"rendered":"\t\t<div data-elementor-type=\"wp-page\" data-elementor-id=\"12327\" class=\"elementor elementor-12327\">\n\t\t\t\t\t\t\t\t\t<section class=\"elementor-section elementor-top-section elementor-element elementor-element-5e48d22 elementor-section-boxed elementor-section-height-default elementor-section-height-default\" data-id=\"5e48d22\" data-element_type=\"section\">\n\t\t\t\t\t\t<div class=\"elementor-container elementor-column-gap-default\">\n\t\t\t\t\t<div class=\"elementor-column elementor-col-100 elementor-top-column elementor-element elementor-element-24a4c75\" data-id=\"24a4c75\" data-element_type=\"column\">\n\t\t\t<div class=\"elementor-widget-wrap elementor-element-populated\">\n\t\t\t\t\t\t\t\t<div class=\"elementor-element elementor-element-25a0c1a elementor-widget elementor-widget-testimonial\" data-id=\"25a0c1a\" data-element_type=\"widget\" data-widget_type=\"testimonial.default\">\n\t\t\t\t<div class=\"elementor-widget-container\">\n\t\t\t<style>\/*! elementor - v3.6.3 - 12-04-2022 *\/\n.elementor-testimonial-wrapper{overflow:hidden;text-align:center}.elementor-testimonial-wrapper .elementor-testimonial-content{font-size:1.3em;margin-bottom:20px}.elementor-testimonial-wrapper .elementor-testimonial-name{line-height:1.5;display:block}.elementor-testimonial-wrapper .elementor-testimonial-job{font-size:.85em;display:block}.elementor-testimonial-wrapper .elementor-testimonial-meta{width:100%;line-height:1}.elementor-testimonial-wrapper .elementor-testimonial-meta-inner{display:inline-block}.elementor-testimonial-wrapper .elementor-testimonial-meta .elementor-testimonial-details,.elementor-testimonial-wrapper .elementor-testimonial-meta .elementor-testimonial-image{display:table-cell;vertical-align:middle}.elementor-testimonial-wrapper .elementor-testimonial-meta .elementor-testimonial-image img{width:60px;height:60px;border-radius:50%;-o-object-fit:cover;object-fit:cover;max-width:none}.elementor-testimonial-wrapper .elementor-testimonial-meta.elementor-testimonial-image-position-aside .elementor-testimonial-image{padding-right:15px}.elementor-testimonial-wrapper .elementor-testimonial-meta.elementor-testimonial-image-position-aside .elementor-testimonial-details{text-align:left}.elementor-testimonial-wrapper .elementor-testimonial-meta.elementor-testimonial-image-position-top .elementor-testimonial-details,.elementor-testimonial-wrapper .elementor-testimonial-meta.elementor-testimonial-image-position-top .elementor-testimonial-image{display:block}.elementor-testimonial-wrapper .elementor-testimonial-meta.elementor-testimonial-image-position-top .elementor-testimonial-image{margin-bottom:20px}<\/style>\t\t<div class=\"elementor-testimonial-wrapper\">\n\t\t\t\t\t\t\t<div class=\"elementor-testimonial-content\">\u201cOamenii cred ca povestile sunt faurite de oameni. De fapt e exact invers.\u201d<\/div>\n\t\t\t\n\t\t\t\t\t\t<div class=\"elementor-testimonial-meta\">\n\t\t\t\t<div class=\"elementor-testimonial-meta-inner\">\n\t\t\t\t\t\n\t\t\t\t\t\t\t\t\t\t<div class=\"elementor-testimonial-details\">\n\t\t\t\t\t\t\t\t\t\t\t\t\t\t<div class=\"elementor-testimonial-name\">TERRY PRATCHETT<\/div>\n\t\t\t\t\t\t\t\t\t\t\t\t\t\t\t\t\t\t\t<\/div>\n\t\t\t\t\t\t\t\t\t<\/div>\n\t\t\t<\/div>\n\t\t\t\t\t<\/div>\n\t\t\t\t<\/div>\n\t\t\t\t<\/div>\n\t\t\t\t\t<\/div>\n\t\t<\/div>\n\t\t\t\t\t\t\t<\/div>\n\t\t<\/section>\n\t\t\t\t<section class=\"elementor-section elementor-top-section elementor-element elementor-element-c6d2f08 elementor-section-boxed elementor-section-height-default elementor-section-height-default\" data-id=\"c6d2f08\" data-element_type=\"section\">\n\t\t\t\t\t\t<div class=\"elementor-container elementor-column-gap-default\">\n\t\t\t\t\t<div class=\"elementor-column elementor-col-100 elementor-top-column elementor-element elementor-element-73193f2\" data-id=\"73193f2\" data-element_type=\"column\">\n\t\t\t<div class=\"elementor-widget-wrap elementor-element-populated\">\n\t\t\t\t\t\t\t\t<section class=\"elementor-section elementor-inner-section elementor-element elementor-element-093ef25 rowTablet elementor-section-boxed elementor-section-height-default elementor-section-height-default\" data-id=\"093ef25\" data-element_type=\"section\">\n\t\t\t\t\t\t<div class=\"elementor-container elementor-column-gap-default\">\n\t\t\t\t\t<div class=\"elementor-column elementor-col-33 elementor-inner-column elementor-element elementor-element-e569477\" data-id=\"e569477\" data-element_type=\"column\">\n\t\t\t<div class=\"elementor-widget-wrap elementor-element-populated\">\n\t\t\t\t\t\t\t\t<div class=\"elementor-element elementor-element-6777211 boxCourse elementor-widget elementor-widget-beraterfeaturebox\" data-id=\"6777211\" data-element_type=\"widget\" data-settings=\"{&quot;_animation&quot;:&quot;none&quot;}\" data-widget_type=\"beraterfeaturebox.default\">\n\t\t\t\t<div class=\"elementor-widget-container feature-box-wrapper active text-left feature-box-classic-pro shortcode-rand-1 berater-inline-css\" data-css=\"&quot;.shortcode-rand-1.feature-box-wrapper .feature-box-inner &gt; *:nth-child(1), .shortcode-rand-1.feature-box-wrapper &gt; .media &gt; .media-body &gt; *:nth-child(1) { margin-bottom: 25px; }.shortcode-rand-1.feature-box-wrapper .feature-box-inner &gt; *:nth-child(2), .shortcode-rand-1.feature-box-wrapper &gt; .media &gt; .media-body &gt; *:nth-child(2) { margin-bottom: 13px; }.shortcode-rand-1.feature-box-wrapper .feature-box-inner &gt; *:nth-child(3), .shortcode-rand-1.feature-box-wrapper &gt; .media &gt; .media-body &gt; *:nth-child(3) { margin-bottom: 0px; }&quot;\">\r\n\t\t\t<div class=\"feature-box-inner\"><div class=\"feature-box-image squared fbox-img-overlay-none\"><img decoding=\"async\" class=\"img-fluid\" src=\"https:\/\/evolutivconsultants.ro\/en\/wp-content\/uploads\/2021\/04\/careers-img.png\" alt=\"Feature Box Image\"><\/div><h4 class=\"feature-box-title\">\u0218colile de Mgm<\/h4><div class=\"fbox-content\">De-alungul anilor am construit \u0219i livrat programe complexe, urc\u00e2nd trei ani la r\u00e2nd al\u0103turi de partenerii no\u0219tri, pe podiumul Galei Premiilor HR Club.<\/div><div class=\"feature-box-btn\"><a class=\"btn btn-light btn-light btn-bg-light btn-hbg-light btn-classic\" href=\"https:\/\/evolutivconsultants.ro\/en\/cursuri\/leadership-si-management\/scolile-de-mgm\/\" title=\"Detalii\">Detalii<\/a><\/div><!-- .feature-box-btn --><\/div>\t\t<\/div>\r\n\t\t\t\t<\/div>\n\t\t\t\t\t<\/div>\n\t\t<\/div>\n\t\t\t\t<div class=\"elementor-column elementor-col-33 elementor-inner-column elementor-element elementor-element-e7441ac\" data-id=\"e7441ac\" data-element_type=\"column\">\n\t\t\t<div class=\"elementor-widget-wrap elementor-element-populated\">\n\t\t\t\t\t\t\t\t<div class=\"elementor-element elementor-element-8cd9d81 boxCourse elementor-widget elementor-widget-beraterfeaturebox\" data-id=\"8cd9d81\" data-element_type=\"widget\" data-settings=\"{&quot;_animation&quot;:&quot;none&quot;}\" data-widget_type=\"beraterfeaturebox.default\">\n\t\t\t\t<div class=\"elementor-widget-container feature-box-wrapper text-left feature-box-classic-pro shortcode-rand-2 berater-inline-css\" data-css=\"&quot;.shortcode-rand-2.feature-box-wrapper .feature-box-inner &gt; *:nth-child(1), .shortcode-rand-2.feature-box-wrapper &gt; .media &gt; .media-body &gt; *:nth-child(1) { margin-bottom: 25px; }.shortcode-rand-2.feature-box-wrapper .feature-box-inner &gt; *:nth-child(2), .shortcode-rand-2.feature-box-wrapper &gt; .media &gt; .media-body &gt; *:nth-child(2) { margin-bottom: 13px; }.shortcode-rand-2.feature-box-wrapper .feature-box-inner &gt; *:nth-child(3), .shortcode-rand-2.feature-box-wrapper &gt; .media &gt; .media-body &gt; *:nth-child(3) { margin-bottom: 0px; }&quot;\">\r\n\t\t\t<div class=\"feature-box-inner\"><div class=\"feature-box-image squared fbox-img-overlay-none\"><img decoding=\"async\" class=\"img-fluid\" src=\"https:\/\/evolutivconsultants.ro\/en\/wp-content\/uploads\/2019\/04\/portfolio_3-1.jpg\" alt=\"Feature Box Image\"><\/div><h4 class=\"feature-box-title\">Simul\u0103ri de business<\/h4><div class=\"fbox-content\">Simul\u0103rile de business \u00eei ajut\u0103 pe oameni s\u0103 fac\u0103 leg\u0103tura \u00eentre deciziile lor de zi cu zi \u0219i rezultatele de la finalul ciclului de business.\n<\/div><div class=\"feature-box-btn\"><a class=\"btn btn-light btn-light btn-bg-dark theme-hbg-color btn-classic\" href=\"https:\/\/evolutivconsultants.ro\/en\/simulari-de-business\/\" title=\"Detalii\">Detalii<\/a><\/div><!-- .feature-box-btn --><\/div>\t\t<\/div>\r\n\t\t\t\t<\/div>\n\t\t\t\t\t<\/div>\n\t\t<\/div>\n\t\t\t\t<div class=\"elementor-column elementor-col-33 elementor-inner-column elementor-element elementor-element-8b429dc\" data-id=\"8b429dc\" data-element_type=\"column\">\n\t\t\t<div class=\"elementor-widget-wrap elementor-element-populated\">\n\t\t\t\t\t\t\t\t<div class=\"elementor-element elementor-element-ae26515 boxCourse elementor-widget elementor-widget-beraterfeaturebox\" data-id=\"ae26515\" data-element_type=\"widget\" data-settings=\"{&quot;_animation&quot;:&quot;none&quot;}\" data-widget_type=\"beraterfeaturebox.default\">\n\t\t\t\t<div class=\"elementor-widget-container feature-box-wrapper text-left feature-box-classic-pro shortcode-rand-3 berater-inline-css\" data-css=\"&quot;.shortcode-rand-3.feature-box-wrapper .feature-box-inner &gt; *:nth-child(1), .shortcode-rand-3.feature-box-wrapper &gt; .media &gt; .media-body &gt; *:nth-child(1) { margin-bottom: 25px; }.shortcode-rand-3.feature-box-wrapper .feature-box-inner &gt; *:nth-child(2), .shortcode-rand-3.feature-box-wrapper &gt; .media &gt; .media-body &gt; *:nth-child(2) { margin-bottom: 13px; }.shortcode-rand-3.feature-box-wrapper .feature-box-inner &gt; *:nth-child(3), .shortcode-rand-3.feature-box-wrapper &gt; .media &gt; .media-body &gt; *:nth-child(3) { margin-bottom: 0px; }&quot;\">\r\n\t\t\t<div class=\"feature-box-inner\"><div class=\"feature-box-image squared fbox-img-overlay-none\"><img decoding=\"async\" class=\"img-fluid\" src=\"https:\/\/evolutivconsultants.ro\/en\/wp-content\/uploads\/2021\/10\/HR-Club-202-1024x682-1.jpeg\" alt=\"Feature Box Image\"><\/div><h4 class=\"feature-box-title\">Teambuilding+ Evenimente<\/h4><div class=\"fbox-content\">De la management general la financiar sau de proiect, acoperim \u00eentreaga palet\u0103 de competen\u021be manageriale necesare organiza\u021biilor de \u00eenalt\u0103 performan\u021b\u0103<\/div><div class=\"feature-box-btn\"><a class=\"btn btn-light btn-light btn-bg-dark theme-hbg-color btn-classic\" href=\"#\" title=\"Detalii\">Detalii<\/a><\/div><!-- .feature-box-btn --><\/div>\t\t<\/div>\r\n\t\t\t\t<\/div>\n\t\t\t\t\t<\/div>\n\t\t<\/div>\n\t\t\t\t\t\t\t<\/div>\n\t\t<\/section>\n\t\t\t\t<section class=\"elementor-section elementor-inner-section elementor-element elementor-element-c87c7a8 rowTablet elementor-section-boxed elementor-section-height-default elementor-section-height-default\" data-id=\"c87c7a8\" data-element_type=\"section\">\n\t\t\t\t\t\t<div class=\"elementor-container elementor-column-gap-default\">\n\t\t\t\t\t<div class=\"elementor-column elementor-col-33 elementor-inner-column elementor-element elementor-element-1c8ecdf\" data-id=\"1c8ecdf\" data-element_type=\"column\">\n\t\t\t<div class=\"elementor-widget-wrap elementor-element-populated\">\n\t\t\t\t\t\t\t\t<div class=\"elementor-element elementor-element-44dd5b2 boxCourse elementor-widget elementor-widget-beraterfeaturebox\" data-id=\"44dd5b2\" data-element_type=\"widget\" data-settings=\"{&quot;_animation&quot;:&quot;none&quot;}\" data-widget_type=\"beraterfeaturebox.default\">\n\t\t\t\t<div class=\"elementor-widget-container feature-box-wrapper active text-left feature-box-classic-pro shortcode-rand-4 berater-inline-css\" data-css=\"&quot;.shortcode-rand-4.feature-box-wrapper .feature-box-inner &gt; *:nth-child(1), .shortcode-rand-4.feature-box-wrapper &gt; .media &gt; .media-body &gt; *:nth-child(1) { margin-bottom: 25px; }.shortcode-rand-4.feature-box-wrapper .feature-box-inner &gt; *:nth-child(2), .shortcode-rand-4.feature-box-wrapper &gt; .media &gt; .media-body &gt; *:nth-child(2) { margin-bottom: 13px; }.shortcode-rand-4.feature-box-wrapper .feature-box-inner &gt; *:nth-child(3), .shortcode-rand-4.feature-box-wrapper &gt; .media &gt; .media-body &gt; *:nth-child(3) { margin-bottom: 0px; }&quot;\">\r\n\t\t\t<div class=\"feature-box-inner\"><div class=\"feature-box-image squared fbox-img-overlay-none\"><img decoding=\"async\" class=\"img-fluid\" src=\"https:\/\/evolutivconsultants.ro\/en\/wp-content\/uploads\/2021\/03\/why-choose-us.jpg\" alt=\"Feature Box Image\"><\/div><h4 class=\"feature-box-title\">HR<\/h4><div class=\"fbox-content\">Lorem ipsum dolor sit amet, consectetur adipiscing elit. Curabitur justo mauris, viverra ut pharetra non, dignissim auctor tortor. Ut id felis porta, pulvinar nulla eget, eleifend quam. Nulla euismod felis vel est elementum,<\/div><div class=\"feature-box-btn\"><a class=\"btn btn-light btn-light btn-bg-light btn-hbg-light btn-classic\" href=\"https:\/\/evolutivconsultants.ro\/en\/cursuri\/leadership-si-management\/scolile-de-mgm\/\" title=\"Detalii\">Detalii<\/a><\/div><!-- .feature-box-btn --><\/div>\t\t<\/div>\r\n\t\t\t\t<\/div>\n\t\t\t\t\t<\/div>\n\t\t<\/div>\n\t\t\t\t<div class=\"elementor-column elementor-col-33 elementor-inner-column elementor-element elementor-element-dba5a50\" data-id=\"dba5a50\" data-element_type=\"column\">\n\t\t\t<div class=\"elementor-widget-wrap elementor-element-populated\">\n\t\t\t\t\t\t\t\t<div class=\"elementor-element elementor-element-5a5cb78 boxCourse elementor-widget elementor-widget-beraterfeaturebox\" data-id=\"5a5cb78\" data-element_type=\"widget\" data-settings=\"{&quot;_animation&quot;:&quot;none&quot;}\" data-widget_type=\"beraterfeaturebox.default\">\n\t\t\t\t<div class=\"elementor-widget-container feature-box-wrapper text-left feature-box-classic-pro shortcode-rand-5 berater-inline-css\" data-css=\"&quot;.shortcode-rand-5.feature-box-wrapper .feature-box-inner &gt; *:nth-child(1), .shortcode-rand-5.feature-box-wrapper &gt; .media &gt; .media-body &gt; *:nth-child(1) { margin-bottom: 25px; }.shortcode-rand-5.feature-box-wrapper .feature-box-inner &gt; *:nth-child(2), .shortcode-rand-5.feature-box-wrapper &gt; .media &gt; .media-body &gt; *:nth-child(2) { margin-bottom: 13px; }.shortcode-rand-5.feature-box-wrapper .feature-box-inner &gt; *:nth-child(3), .shortcode-rand-5.feature-box-wrapper &gt; .media &gt; .media-body &gt; *:nth-child(3) { margin-bottom: 0px; }&quot;\">\r\n\t\t\t<div class=\"feature-box-inner\"><div class=\"feature-box-image squared fbox-img-overlay-none\"><img decoding=\"async\" class=\"img-fluid\" src=\"https:\/\/evolutivconsultants.ro\/en\/wp-content\/uploads\/2021\/03\/about-3.jpg\" alt=\"Feature Box Image\"><\/div><h4 class=\"feature-box-title\">MP<\/h4><div class=\"fbox-content\">Lorem ipsum dolor sit amet, consectetur adipiscing elit. Curabitur justo mauris, viverra ut pharetra non, dignissim auctor tortor. Ut id felis porta, pulvinar nulla eget, eleifend quam. Nulla euismod felis vel est elementum,<\/div><div class=\"feature-box-btn\"><a class=\"btn btn-light btn-light btn-bg-dark theme-hbg-color btn-classic\" href=\"https:\/\/evolutivconsultants.ro\/en\/simulari-de-business\/\" title=\"Detalii\">Detalii<\/a><\/div><!-- .feature-box-btn --><\/div>\t\t<\/div>\r\n\t\t\t\t<\/div>\n\t\t\t\t\t<\/div>\n\t\t<\/div>\n\t\t\t\t<div class=\"elementor-column elementor-col-33 elementor-inner-column elementor-element elementor-element-dc3ac4b\" data-id=\"dc3ac4b\" data-element_type=\"column\">\n\t\t\t<div class=\"elementor-widget-wrap elementor-element-populated\">\n\t\t\t\t\t\t\t\t<div class=\"elementor-element elementor-element-11a8352 boxCourse elementor-widget elementor-widget-beraterfeaturebox\" data-id=\"11a8352\" data-element_type=\"widget\" data-settings=\"{&quot;_animation&quot;:&quot;none&quot;}\" data-widget_type=\"beraterfeaturebox.default\">\n\t\t\t\t<div class=\"elementor-widget-container feature-box-wrapper text-left feature-box-classic-pro shortcode-rand-6 berater-inline-css\" data-css=\"&quot;.shortcode-rand-6.feature-box-wrapper .feature-box-inner &gt; *:nth-child(1), .shortcode-rand-6.feature-box-wrapper &gt; .media &gt; .media-body &gt; *:nth-child(1) { margin-bottom: 25px; }.shortcode-rand-6.feature-box-wrapper .feature-box-inner &gt; *:nth-child(2), .shortcode-rand-6.feature-box-wrapper &gt; .media &gt; .media-body &gt; *:nth-child(2) { margin-bottom: 13px; }.shortcode-rand-6.feature-box-wrapper .feature-box-inner &gt; *:nth-child(3), .shortcode-rand-6.feature-box-wrapper &gt; .media &gt; .media-body &gt; *:nth-child(3) { margin-bottom: 0px; }&quot;\">\r\n\t\t\t<div class=\"feature-box-inner\"><div class=\"feature-box-image squared fbox-img-overlay-none\"><img decoding=\"async\" class=\"img-fluid\" src=\"https:\/\/evolutivconsultants.ro\/en\/wp-content\/uploads\/2021\/04\/careers-img.png\" alt=\"Feature Box Image\"><\/div><h4 class=\"feature-box-title\">Maestro<\/h4><div class=\"fbox-content\">Lorem ipsum dolor sit amet, consectetur adipiscing elit. Curabitur justo mauris, viverra ut pharetra non, dignissim auctor tortor. Ut id felis porta, pulvinar nulla eget, eleifend quam. Nulla euismod felis vel est elementum,<\/div><div class=\"feature-box-btn\"><a class=\"btn btn-light btn-light btn-bg-dark theme-hbg-color btn-classic\" href=\"#\" title=\"Detalii\">Detalii<\/a><\/div><!-- .feature-box-btn --><\/div>\t\t<\/div>\r\n\t\t\t\t<\/div>\n\t\t\t\t\t<\/div>\n\t\t<\/div>\n\t\t\t\t\t\t\t<\/div>\n\t\t<\/section>\n\t\t\t\t\t<\/div>\n\t\t<\/div>\n\t\t\t\t\t\t\t<\/div>\n\t\t<\/section>\n\t\t\t\t<section class=\"elementor-section elementor-top-section elementor-element elementor-element-2674399 elementor-section-boxed elementor-section-height-default elementor-section-height-default\" data-id=\"2674399\" data-element_type=\"section\">\n\t\t\t\t\t\t<div class=\"elementor-container elementor-column-gap-default\">\n\t\t\t\t\t<div class=\"elementor-column elementor-col-33 elementor-top-column elementor-element elementor-element-a7f005d\" data-id=\"a7f005d\" data-element_type=\"column\">\n\t\t\t<div class=\"elementor-widget-wrap\">\n\t\t\t\t\t\t\t\t\t<\/div>\n\t\t<\/div>\n\t\t\t\t<div class=\"elementor-column elementor-col-33 elementor-top-column elementor-element elementor-element-5247473\" data-id=\"5247473\" data-element_type=\"column\">\n\t\t\t<div class=\"elementor-widget-wrap\">\n\t\t\t\t\t\t\t\t\t<\/div>\n\t\t<\/div>\n\t\t\t\t<div class=\"elementor-column elementor-col-33 elementor-top-column elementor-element elementor-element-525ea74\" data-id=\"525ea74\" data-element_type=\"column\">\n\t\t\t<div class=\"elementor-widget-wrap\">\n\t\t\t\t\t\t\t\t\t<\/div>\n\t\t<\/div>\n\t\t\t\t\t\t\t<\/div>\n\t\t<\/section>\n\t\t\t\t\t\t\t<\/div>\n\t\t","protected":false},"excerpt":{"rendered":"<p>\u201cOamenii cred ca povestile sunt faurite de oameni. De fapt e exact invers.\u201d TERRY PRATCHETT \u0218colile de Mgm De-alungul anilor am construit \u0219i livrat programe complexe, urc\u00e2nd trei ani la r\u00e2nd al\u0103turi de partenerii no\u0219tri, pe podiumul Galei Premiilor HR Club.Detalii Simul\u0103ri de business Simul\u0103rile de business \u00eei ajut\u0103 pe oameni s\u0103 fac\u0103 leg\u0103tura \u00eentre<\/p>\n","protected":false},"author":1,"featured_media":0,"parent":10128,"menu_order":0,"comment_status":"closed","ping_status":"closed","template":"elementor_header_footer","meta":{"ngg_post_thumbnail":0,"footnotes":""},"class_list":["post-12327","page","type-page","status-publish","hentry"],"_links":{"self":[{"href":"https:\/\/evolutivconsultants.ro\/en\/wp-json\/wp\/v2\/pages\/12327","targetHints":{"allow":["GET"]}}],"collection":[{"href":"https:\/\/evolutivconsultants.ro\/en\/wp-json\/wp\/v2\/pages"}],"about":[{"href":"https:\/\/evolutivconsultants.ro\/en\/wp-json\/wp\/v2\/types\/page"}],"author":[{"embeddable":true,"href":"https:\/\/evolutivconsultants.ro\/en\/wp-json\/wp\/v2\/users\/1"}],"replies":[{"embeddable":true,"href":"https:\/\/evolutivconsultants.ro\/en\/wp-json\/wp\/v2\/comments?post=12327"}],"version-history":[{"count":94,"href":"https:\/\/evolutivconsultants.ro\/en\/wp-json\/wp\/v2\/pages\/12327\/revisions"}],"predecessor-version":[{"id":13563,"href":"https:\/\/evolutivconsultants.ro\/en\/wp-json\/wp\/v2\/pages\/12327\/revisions\/13563"}],"up":[{"embeddable":true,"href":"https:\/\/evolutivconsultants.ro\/en\/wp-json\/wp\/v2\/pages\/10128"}],"wp:attachment":[{"href":"https:\/\/evolutivconsultants.ro\/en\/wp-json\/wp\/v2\/media?parent=12327"}],"curies":[{"name":"wp","href":"https:\/\/api.w.org\/{rel}","templated":true}]}}